{"id":37,"date":"2017-04-11T09:27:25","date_gmt":"2017-04-11T07:27:25","guid":{"rendered":"http:\/\/www.poradzisz.pl\/?page_id=37"},"modified":"2019-01-03T12:56:17","modified_gmt":"2019-01-03T11:56:17","slug":"cennik","status":"publish","type":"page","link":"http:\/\/www.poradzisz.pl\/index.php\/pl\/cennik\/","title":{"rendered":"Cennik"},"content":{"rendered":"<p>Porada prawna kosztuje 180 z\u0142<\/p>\n<p>Prowadzenie poszczeg\u00f3lnych spraw podlega indywidualnej wycenie w zale\u017cno\u015bci od rodzaju sprawy i jej skomplikowania. W przypadku spraw zagranicznych nast\u0119puje przekazanie sprawy do partnera zagranicznego w celu ustalenia mo\u017cliwo\u015bci wsp\u00f3\u0142pracy oraz wynagrodzenia.<\/p>\n<p>Obs\u0142uga przedsi\u0119biorc\u00f3w mo\u017ce odbywa\u0107 si\u0119 na podstawie rozliczenia godzinowego lub te\u017c umowy rycza\u0142towej z limitem godzin, w zale\u017cno\u015bci od potrzeb firmy. Ceny ustalane s\u0105 indywidualnie.<\/p>\n","protected":false},"excerpt":{"rendered":"<p>Porada prawna kosztuje 180 z\u0142 Prowadzenie poszczeg\u00f3lnych spraw podlega indywidualnej wycenie w zale\u017cno\u015bci od rodzaju sprawy i jej skomplikowania. W przypadku spraw zagranicznych nast\u0119puje przekazanie sprawy do partnera zagranicznego w celu ustalenia mo\u017cliwo\u015bci wsp\u00f3\u0142pracy oraz wynagrodzenia. Obs\u0142uga przedsi\u0119biorc\u00f3w mo\u017ce odbywa\u0107 si\u0119 na podstawie rozliczenia godzinowego lub te\u017c umowy rycza\u0142towej z limitem godzin, w zale\u017cno\u015bci od [&hellip;]<\/p>\n","protected":false},"author":1,"featured_media":0,"parent":0,"menu_order":4,"comment_status":"closed","ping_status":"closed","template":"","meta":[],"_links":{"self":[{"href":"http:\/\/www.poradzisz.pl\/index.php\/wp-json\/wp\/v2\/pages\/37"}],"collection":[{"href":"http:\/\/www.poradzisz.pl\/index.php\/wp-json\/wp\/v2\/pages"}],"about":[{"href":"http:\/\/www.poradzisz.pl\/index.php\/wp-json\/wp\/v2\/types\/page"}],"author":[{"embeddable":true,"href":"http:\/\/www.poradzisz.pl\/index.php\/wp-json\/wp\/v2\/users\/1"}],"replies":[{"embeddable":true,"href":"http:\/\/www.poradzisz.pl\/index.php\/wp-json\/wp\/v2\/comments?post=37"}],"version-history":[{"count":2,"href":"http:\/\/www.poradzisz.pl\/index.php\/wp-json\/wp\/v2\/pages\/37\/revisions"}],"predecessor-version":[{"id":119,"href":"http:\/\/www.poradzisz.pl\/index.php\/wp-json\/wp\/v2\/pages\/37\/revisions\/119"}],"wp:attachment":[{"href":"http:\/\/www.poradzisz.pl\/index.php\/wp-json\/wp\/v2\/media?parent=37"}],"curies":[{"name":"wp","href":"https:\/\/api.w.org\/{rel}","templated":true}]}}