{"id":35,"date":"2017-04-11T09:27:01","date_gmt":"2017-04-11T07:27:01","guid":{"rendered":"http:\/\/www.poradzisz.pl\/?page_id=35"},"modified":"2017-04-11T11:14:19","modified_gmt":"2017-04-11T09:14:19","slug":"jak-pracujemy","status":"publish","type":"page","link":"http:\/\/www.poradzisz.pl\/index.php\/pl\/jak-pracujemy\/","title":{"rendered":"Jak pracujemy?"},"content":{"rendered":"<p><strong>Obs\u0142uga przedsi\u0119biorc\u00f3w<\/strong> &#8211; wsp\u00f3\u0142prace rozpoczyna przeprowadzenie audytu prawnego odno\u015bnie rozwi\u0105za\u0144 zastosowanych w firmie, bie\u017c\u0105ca obs\u0142uga polega na doradzaniu w bie\u017c\u0105cych kwestiach dzia\u0142alno\u015bci firmy, w tym w kwestiach pracowniczych, doradztwo w zakresie cen transferowych obejmuje audyt prawny oraz doradztwo w zakresie um\u00f3w pomi\u0119dzy podmiotami powi\u0105zanymi<\/p>\n<p><strong>Obs\u0142uga Klient\u00f3w indywidualnych<\/strong> &#8211; wsp\u00f3\u0142prac\u0119 rozpoczyna porada prawna, w ramach kt\u00f3rej Klient otrzymuje ustnie informacj\u0119 na temat potencjalnych rozwi\u0105za\u0144, Klient mo\u017ce zleci\u0107 prowadzenia sprawy Kancelarii po uzyskaniu porady prawnej.<\/p>\n","protected":false},"excerpt":{"rendered":"<p>Obs\u0142uga przedsi\u0119biorc\u00f3w &#8211; wsp\u00f3\u0142prace rozpoczyna przeprowadzenie audytu prawnego odno\u015bnie rozwi\u0105za\u0144 zastosowanych w firmie, bie\u017c\u0105ca obs\u0142uga polega na doradzaniu w bie\u017c\u0105cych kwestiach dzia\u0142alno\u015bci firmy, w tym w kwestiach pracowniczych, doradztwo w zakresie cen transferowych obejmuje audyt prawny oraz doradztwo w zakresie um\u00f3w pomi\u0119dzy podmiotami powi\u0105zanymi Obs\u0142uga Klient\u00f3w indywidualnych &#8211; wsp\u00f3\u0142prac\u0119 rozpoczyna porada prawna, w ramach kt\u00f3rej [&hellip;]<\/p>\n","protected":false},"author":1,"featured_media":0,"parent":0,"menu_order":3,"comment_status":"closed","ping_status":"closed","template":"","meta":[],"_links":{"self":[{"href":"http:\/\/www.poradzisz.pl\/index.php\/wp-json\/wp\/v2\/pages\/35"}],"collection":[{"href":"http:\/\/www.poradzisz.pl\/index.php\/wp-json\/wp\/v2\/pages"}],"about":[{"href":"http:\/\/www.poradzisz.pl\/index.php\/wp-json\/wp\/v2\/types\/page"}],"author":[{"embeddable":true,"href":"http:\/\/www.poradzisz.pl\/index.php\/wp-json\/wp\/v2\/users\/1"}],"replies":[{"embeddable":true,"href":"http:\/\/www.poradzisz.pl\/index.php\/wp-json\/wp\/v2\/comments?post=35"}],"version-history":[{"count":1,"href":"http:\/\/www.poradzisz.pl\/index.php\/wp-json\/wp\/v2\/pages\/35\/revisions"}],"predecessor-version":[{"id":36,"href":"http:\/\/www.poradzisz.pl\/index.php\/wp-json\/wp\/v2\/pages\/35\/revisions\/36"}],"wp:attachment":[{"href":"http:\/\/www.poradzisz.pl\/index.php\/wp-json\/wp\/v2\/media?parent=35"}],"curies":[{"name":"wp","href":"https:\/\/api.w.org\/{rel}","templated":true}]}}