{"id":32,"date":"2017-04-11T09:25:29","date_gmt":"2017-04-11T07:25:29","guid":{"rendered":"http:\/\/www.poradzisz.pl\/?page_id=32"},"modified":"2017-04-11T11:15:07","modified_gmt":"2017-04-11T09:15:07","slug":"oferta","status":"publish","type":"page","link":"http:\/\/www.poradzisz.pl\/index.php\/pl\/oferta\/","title":{"rendered":"Oferta"},"content":{"rendered":"<p>Kancelaria oferuje:<\/p>\n<ul>\n<li>obs\u0142ug\u0119 prawn\u0105 sp\u00f3\u0142ek oraz przedsi\u0119biorc\u00f3w indywidualnych zar\u00f3wno w zakresie bie\u017c\u0105cym jak i w zakresie audytu prawnego dotycz\u0105cego um\u00f3w cen transferowych dla przedsi\u0119biorc\u00f3w powi\u0105zanych<\/li>\n<li>obs\u0142ug\u0119 klient\u00f3w indywidualnych zar\u00f3wno w zakresie porad prawnych jak i reprezentacji przed S\u0105dami powszechnymi, sadami administracyjnymi oraz organami pa\u0144stwowymi<\/li>\n<li>obs\u0142ug\u0119 klient\u00f3w indywidualnych oraz przedsi\u0119biorc\u00f3w za granic\u0105 przy wsp\u00f3\u0142pracy z prawnikami ze stowarzyszenia <a href=\"http:\/\/www.just1.eu\/\" target=\"_blank\">Justone<\/a> (Niemcy, Belgia, Holandia, Szwajcaria, Austria, W\u0142ochy, Grecja, Cypr, Wielka Brytania, Francja, Litwa)<\/li>\n<\/ul>\n","protected":false},"excerpt":{"rendered":"<p>Kancelaria oferuje: obs\u0142ug\u0119 prawn\u0105 sp\u00f3\u0142ek oraz przedsi\u0119biorc\u00f3w indywidualnych zar\u00f3wno w zakresie bie\u017c\u0105cym jak i w zakresie audytu prawnego dotycz\u0105cego um\u00f3w cen transferowych dla przedsi\u0119biorc\u00f3w powi\u0105zanych obs\u0142ug\u0119 klient\u00f3w indywidualnych zar\u00f3wno w zakresie porad prawnych jak i reprezentacji przed S\u0105dami powszechnymi, sadami administracyjnymi oraz organami pa\u0144stwowymi obs\u0142ug\u0119 klient\u00f3w indywidualnych oraz przedsi\u0119biorc\u00f3w za granic\u0105 przy wsp\u00f3\u0142pracy z prawnikami [&hellip;]<\/p>\n","protected":false},"author":1,"featured_media":0,"parent":0,"menu_order":3,"comment_status":"closed","ping_status":"closed","template":"","meta":[],"_links":{"self":[{"href":"http:\/\/www.poradzisz.pl\/index.php\/wp-json\/wp\/v2\/pages\/32"}],"collection":[{"href":"http:\/\/www.poradzisz.pl\/index.php\/wp-json\/wp\/v2\/pages"}],"about":[{"href":"http:\/\/www.poradzisz.pl\/index.php\/wp-json\/wp\/v2\/types\/page"}],"author":[{"embeddable":true,"href":"http:\/\/www.poradzisz.pl\/index.php\/wp-json\/wp\/v2\/users\/1"}],"replies":[{"embeddable":true,"href":"http:\/\/www.poradzisz.pl\/index.php\/wp-json\/wp\/v2\/comments?post=32"}],"version-history":[{"count":1,"href":"http:\/\/www.poradzisz.pl\/index.php\/wp-json\/wp\/v2\/pages\/32\/revisions"}],"predecessor-version":[{"id":33,"href":"http:\/\/www.poradzisz.pl\/index.php\/wp-json\/wp\/v2\/pages\/32\/revisions\/33"}],"wp:attachment":[{"href":"http:\/\/www.poradzisz.pl\/index.php\/wp-json\/wp\/v2\/media?parent=32"}],"curies":[{"name":"wp","href":"https:\/\/api.w.org\/{rel}","templated":true}]}}