{"id":108,"date":"2017-04-26T14:02:54","date_gmt":"2017-04-26T12:02:54","guid":{"rendered":"http:\/\/www.poradzisz.pl\/?page_id=108"},"modified":"2019-01-03T13:01:24","modified_gmt":"2019-01-03T12:01:24","slug":"contact","status":"publish","type":"page","link":"http:\/\/www.poradzisz.pl\/index.php\/en\/contact\/","title":{"rendered":"Contact"},"content":{"rendered":"<p>Joanna Poradzisz-La\u015bkiewicz<\/p>\n<p>Pl. S\u0142owia\u0144ski 10\/1b<\/p>\n<p>68-100 \u017baga\u0144<\/p>\n<p>Tel. +48 (68) 477 55 00<\/p>\n<p>mobile +48 698 175 801<\/p>\n<p>Fax +48 (68) 380 12 11<\/p>\n<p>email: <a href=\"mailto:sekretariat@poradzisz.pl\">sekretariat@poradzisz.pl<\/a><\/p>\n","protected":false},"excerpt":{"rendered":"<p>Joanna Poradzisz-La\u015bkiewicz Pl. S\u0142owia\u0144ski 10\/1b 68-100 \u017baga\u0144 Tel. +48 (68) 477 55 00 mobile +48 698 175 801 Fax +48 (68) 380 12 11 email: sekretariat@poradzisz.pl<\/p>\n","protected":false},"author":1,"featured_media":0,"parent":0,"menu_order":5,"comment_status":"closed","ping_status":"closed","template":"","meta":[],"_links":{"self":[{"href":"http:\/\/www.poradzisz.pl\/index.php\/wp-json\/wp\/v2\/pages\/108"}],"collection":[{"href":"http:\/\/www.poradzisz.pl\/index.php\/wp-json\/wp\/v2\/pages"}],"about":[{"href":"http:\/\/www.poradzisz.pl\/index.php\/wp-json\/wp\/v2\/types\/page"}],"author":[{"embeddable":true,"href":"http:\/\/www.poradzisz.pl\/index.php\/wp-json\/wp\/v2\/users\/1"}],"replies":[{"embeddable":true,"href":"http:\/\/www.poradzisz.pl\/index.php\/wp-json\/wp\/v2\/comments?post=108"}],"version-history":[{"count":2,"href":"http:\/\/www.poradzisz.pl\/index.php\/wp-json\/wp\/v2\/pages\/108\/revisions"}],"predecessor-version":[{"id":123,"href":"http:\/\/www.poradzisz.pl\/index.php\/wp-json\/wp\/v2\/pages\/108\/revisions\/123"}],"wp:attachment":[{"href":"http:\/\/www.poradzisz.pl\/index.php\/wp-json\/wp\/v2\/media?parent=108"}],"curies":[{"name":"wp","href":"https:\/\/api.w.org\/{rel}","templated":true}]}}